{"id":6118,"date":"2021-06-03T14:53:16","date_gmt":"2021-06-03T13:53:16","guid":{"rendered":"https:\/\/genomicspartnership.wales\/polisi-preifatrwydd\/"},"modified":"2021-06-28T14:52:51","modified_gmt":"2021-06-28T13:52:51","slug":"polisi-preifatrwydd","status":"publish","type":"page","link":"https:\/\/genomicspartnership.wales\/cy\/polisi-preifatrwydd\/","title":{"rendered":"Polisi Preifatrwydd"},"content":{"rendered":"\t\t<div data-elementor-type=\"wp-post\" data-elementor-id=\"6118\" class=\"elementor elementor-6118 elementor-5644\" data-elementor-post-type=\"page\">\n\t\t\t\t\t\t<section class=\"has_eae_slider elementor-section elementor-top-section elementor-element elementor-element-1f1789c5 elementor-section-stretched elementor-section-boxed elementor-section-height-default elementor-section-height-default\" data-eae-slider=\"8007\" data-particle_enable=\"false\" data-particle-mobile-disabled=\"false\" data-id=\"1f1789c5\" data-element_type=\"section\" data-e-type=\"section\" data-settings=\"{&quot;background_background&quot;:&quot;classic&quot;,&quot;shape_divider_bottom&quot;:&quot;curve-asymmetrical&quot;,&quot;shape_divider_bottom_negative&quot;:&quot;yes&quot;,&quot;stretch_section&quot;:&quot;section-stretched&quot;}\">\n\t\t\t\t\t\t\t<div class=\"elementor-background-overlay\"><\/div>\n\t\t\t\t\t\t<div class=\"elementor-shape elementor-shape-bottom\" aria-hidden=\"true\" data-negative=\"true\">\n\t\t\t<svg xmlns=\"http:\/\/www.w3.org\/2000\/svg\" viewBox=\"0 0 1000 100\" preserveAspectRatio=\"none\">\n\t<path class=\"elementor-shape-fill\" d=\"M615.2,96.7C240.2,97.8,0,18.9,0,0v100h1000V0C1000,19.2,989.8,96,615.2,96.7z\"\/>\n<\/svg>\t\t<\/div>\n\t\t\t\t\t<div class=\"elementor-container elementor-column-gap-default\">\n\t\t\t\t\t<div class=\"has_eae_slider elementor-column elementor-col-50 elementor-top-column elementor-element elementor-element-687a757a\" data-eae-slider=\"50375\" data-id=\"687a757a\" data-element_type=\"column\" data-e-type=\"column\">\n\t\t\t<div class=\"elementor-widget-wrap elementor-element-populated\">\n\t\t\t\t\t\t<div class=\"elementor-element elementor-element-3b8f058 elementor-widget__width-inherit elementor-widget elementor-widget-text-editor\" data-id=\"3b8f058\" data-element_type=\"widget\" data-e-type=\"widget\" data-widget_type=\"text-editor.default\">\n\t\t\t\t<div class=\"elementor-widget-container\">\n\t\t\t\t\t\t\t\t\t<h1>Polisi Preifatrwydd<\/h1>\n<p>&nbsp;<\/p>\n\t\t\t\t\t\t\t\t<\/div>\n\t\t\t\t<\/div>\n\t\t\t\t\t<\/div>\n\t\t<\/div>\n\t\t\t\t<div class=\"has_eae_slider elementor-column elementor-col-50 elementor-top-column elementor-element elementor-element-586a971a\" data-eae-slider=\"39297\" data-id=\"586a971a\" data-element_type=\"column\" data-e-type=\"column\">\n\t\t\t<div class=\"elementor-widget-wrap elementor-element-populated\">\n\t\t\t\t\t\t<div class=\"elementor-element elementor-element-7bc55633 elementor-widget elementor-widget-spacer\" data-id=\"7bc55633\" data-element_type=\"widget\" data-e-type=\"widget\" data-widget_type=\"spacer.default\">\n\t\t\t\t<div class=\"elementor-widget-container\">\n\t\t\t\t\t\t\t<div class=\"elementor-spacer\">\n\t\t\t<div class=\"elementor-spacer-inner\"><\/div>\n\t\t<\/div>\n\t\t\t\t\t\t<\/div>\n\t\t\t\t<\/div>\n\t\t\t\t\t<\/div>\n\t\t<\/div>\n\t\t\t\t\t<\/div>\n\t\t<\/section>\n\t\t\t\t<section class=\"has_eae_slider elementor-section elementor-top-section elementor-element elementor-element-5f051545 elementor-section-boxed elementor-section-height-default elementor-section-height-default\" data-eae-slider=\"94736\" data-particle_enable=\"false\" data-particle-mobile-disabled=\"false\" data-id=\"5f051545\" data-element_type=\"section\" data-e-type=\"section\">\n\t\t\t\t\t\t<div class=\"elementor-container elementor-column-gap-default\">\n\t\t\t\t\t<div class=\"has_eae_slider elementor-column elementor-col-100 elementor-top-column elementor-element elementor-element-597ebc79\" data-eae-slider=\"16689\" data-id=\"597ebc79\" data-element_type=\"column\" data-e-type=\"column\">\n\t\t\t<div class=\"elementor-widget-wrap elementor-element-populated\">\n\t\t\t\t\t\t<div class=\"elementor-element elementor-element-4f36faa7 elementor-widget elementor-widget-spacer\" data-id=\"4f36faa7\" data-element_type=\"widget\" data-e-type=\"widget\" data-widget_type=\"spacer.default\">\n\t\t\t\t<div class=\"elementor-widget-container\">\n\t\t\t\t\t\t\t<div class=\"elementor-spacer\">\n\t\t\t<div class=\"elementor-spacer-inner\"><\/div>\n\t\t<\/div>\n\t\t\t\t\t\t<\/div>\n\t\t\t\t<\/div>\n\t\t\t\t\t<\/div>\n\t\t<\/div>\n\t\t\t\t\t<\/div>\n\t\t<\/section>\n\t\t\t\t<section class=\"has_eae_slider elementor-section elementor-top-section elementor-element elementor-element-52a8a20 elementor-section-boxed elementor-section-height-default elementor-section-height-default\" data-eae-slider=\"3535\" data-particle_enable=\"false\" data-particle-mobile-disabled=\"false\" data-id=\"52a8a20\" data-element_type=\"section\" data-e-type=\"section\">\n\t\t\t\t\t\t<div class=\"elementor-container elementor-column-gap-default\">\n\t\t\t\t\t<div class=\"has_eae_slider elementor-column elementor-col-100 elementor-top-column elementor-element elementor-element-b036503\" data-eae-slider=\"72387\" data-id=\"b036503\" data-element_type=\"column\" data-e-type=\"column\">\n\t\t\t<div class=\"elementor-widget-wrap elementor-element-populated\">\n\t\t\t\t\t\t<div class=\"elementor-element elementor-element-c9d0f15 elementor-widget elementor-widget-text-editor\" data-id=\"c9d0f15\" data-element_type=\"widget\" data-e-type=\"widget\" data-widget_type=\"text-editor.default\">\n\t\t\t\t<div class=\"elementor-widget-container\">\n\t\t\t\t\t\t\t\t\t<p>Mae Partneriaeth Genomeg Cymru yn cael ei chynnal gan Fwrdd Iechyd Prifysgol Caerdydd a&#8217;r Fro. Mae&#8217;r rhaglen yn cadw at g\u00f4d ymddygiad cyfrinachedd llym yn unol \u00e2 6 egwyddor y Rheoliad Diogelu Data Cyffredinol (GDPR), Deddf Diogelu Data 2018 a pholis\u00efau diogelu data a chyfrinachedd y Bwrdd Iechyd Lleol.<\/p>\n<p><a href=\"https:\/\/cavuhb.nhs.wales\/use-of-site\/privacy-policy\/\">Ewch i wefan Bwrdd Iechyd<\/a>\u00a0Prifysgol Caerdydd a&#8217;r Fro i gael rhagor o wybodaeth am sut rydym yn casglu ac yn storio gwybodaeth am gleifion gan <a href=\"https:\/\/cavuhb.nhs.wales\/files\/privacy-policy\/patient-privacy-notice-1-1-pdf\/\">gynnwys hysbysiad preifatrwydd<\/a>\u00a0llawn yn ofalus i ddeall sut y byddwn yn defnyddio eich gwybodaeth bersonol.<\/p>\n<p>Os oes gennych unrhyw gwestiynau neu ymholiadau mewn perthynas \u00e2&#8217;r hysbysiad preifatrwydd hwn, gallwch gysylltu \u00e2&#8217;n Swyddog Diogelu Data:<\/p>\n<ul>\n<li>Drwy ebost, at yr Adran Llywodraethu Gwybodaeth &#8211;\u00a0<a href=\"mailto:cav.ig.dept@wales.nhs.uk\">cav.ig.dept@wales.nhs.uk<\/a>.\n<ul>\n<li>Yn ysgrifenedig, at James Webb, Swyddog Diogelu Data, Bwrdd Iechyd Prifysgol Caerdydd a&#8217;r Fro, Llawr 1af T\u0177 Trefynwy, Parc y Mynydd Bychan, Caerdydd CF14 4XW.<\/li>\n<li>Dros y ff\u00f4n, ar 02921 844870.<\/li>\n<\/ul>\n<\/li>\n<\/ul>\n<p><a href=\"https:\/\/cavuhb.nhs.wales\/files\/privacy-policy\/retention-schedules-pdf\/\">Gallwch weld ein Polisi Cadw Data yma.<\/a><\/p>\n\t\t\t\t\t\t\t\t<\/div>\n\t\t\t\t<\/div>\n\t\t\t\t<div class=\"elementor-element elementor-element-a09368c elementor-widget elementor-widget-spacer\" data-id=\"a09368c\" data-element_type=\"widget\" data-e-type=\"widget\" data-widget_type=\"spacer.default\">\n\t\t\t\t<div class=\"elementor-widget-container\">\n\t\t\t\t\t\t\t<div class=\"elementor-spacer\">\n\t\t\t<div class=\"elementor-spacer-inner\"><\/div>\n\t\t<\/div>\n\t\t\t\t\t\t<\/div>\n\t\t\t\t<\/div>\n\t\t\t\t\t<\/div>\n\t\t<\/div>\n\t\t\t\t\t<\/div>\n\t\t<\/section>\n\t\t\t\t<section class=\"has_eae_slider elementor-section elementor-top-section elementor-element elementor-element-a63d233 elementor-section-boxed elementor-section-height-default elementor-section-height-default\" data-eae-slider=\"73613\" data-particle_enable=\"false\" data-particle-mobile-disabled=\"false\" data-id=\"a63d233\" data-element_type=\"section\" data-e-type=\"section\">\n\t\t\t\t\t\t<div class=\"elementor-container elementor-column-gap-default\">\n\t\t\t\t\t<div class=\"has_eae_slider elementor-column elementor-col-100 elementor-top-column elementor-element elementor-element-1e998ea\" data-eae-slider=\"16931\" data-id=\"1e998ea\" data-element_type=\"column\" data-e-type=\"column\">\n\t\t\t<div class=\"elementor-widget-wrap\">\n\t\t\t\t\t\t\t<\/div>\n\t\t<\/div>\n\t\t\t\t\t<\/div>\n\t\t<\/section>\n\t\t\t\t<\/div>\n\t\t","protected":false},"excerpt":{"rendered":"<p>Polisi Preifatrwydd &nbsp; Mae Partneriaeth Genomeg Cymru yn cael ei chynnal gan Fwrdd Iechyd Prifysgol Caerdydd a&#8217;r Fro. Mae&#8217;r rhaglen yn cadw at g\u00f4d ymddygiad cyfrinachedd llym yn unol \u00e2 6 egwyddor y Rheoliad Diogelu Data Cyffredinol (GDPR), Deddf Diogelu Data 2018 a pholis\u00efau diogelu data a chyfrinachedd y Bwrdd Iechyd Lleol. Ewch i wefan [&hellip;]<\/p>\n","protected":false},"author":143891586,"featured_media":0,"parent":0,"menu_order":0,"comment_status":"closed","ping_status":"closed","template":"","meta":{"advanced_seo_description":"","jetpack_seo_html_title":"","jetpack_seo_noindex":false,"jetpack_post_was_ever_published":false,"footnotes":""},"class_list":["post-6118","page","type-page","status-publish","hentry"],"jetpack_shortlink":"https:\/\/wp.me\/Pb2bmH-1AG","jetpack_sharing_enabled":true,"amp_enabled":true,"_links":{"self":[{"href":"https:\/\/genomicspartnership.wales\/cy\/wp-json\/wp\/v2\/pages\/6118","targetHints":{"allow":["GET"]}}],"collection":[{"href":"https:\/\/genomicspartnership.wales\/cy\/wp-json\/wp\/v2\/pages"}],"about":[{"href":"https:\/\/genomicspartnership.wales\/cy\/wp-json\/wp\/v2\/types\/page"}],"author":[{"embeddable":true,"href":"https:\/\/genomicspartnership.wales\/cy\/wp-json\/wp\/v2\/users\/143891586"}],"replies":[{"embeddable":true,"href":"https:\/\/genomicspartnership.wales\/cy\/wp-json\/wp\/v2\/comments?post=6118"}],"version-history":[{"count":1,"href":"https:\/\/genomicspartnership.wales\/cy\/wp-json\/wp\/v2\/pages\/6118\/revisions"}],"predecessor-version":[{"id":6119,"href":"https:\/\/genomicspartnership.wales\/cy\/wp-json\/wp\/v2\/pages\/6118\/revisions\/6119"}],"wp:attachment":[{"href":"https:\/\/genomicspartnership.wales\/cy\/wp-json\/wp\/v2\/media?parent=6118"}],"curies":[{"name":"wp","href":"https:\/\/api.w.org\/{rel}","templated":true}]}}